{"id":152,"date":"2022-05-16T23:41:29","date_gmt":"2022-05-16T20:41:29","guid":{"rendered":"http:\/\/staging1.tyrnimedia.net\/ullmans-villa-boutique-hotel-bistro-cakes-svenska\/"},"modified":"2023-10-13T11:43:56","modified_gmt":"2023-10-13T08:43:56","slug":"ullmans-villa-boutique-hotel-bistro-cakes-svenska","status":"publish","type":"page","link":"https:\/\/ullmansvilla.fi\/sv\/ullmans-villa-boutique-hotel-bistro-cakes-svenska\/","title":{"rendered":"Ullman&#8217;s Villa &#8211; Boutique Hotel Bistro Cakes &#8211; Svenska"},"content":{"rendered":"<h2>Sk\u00e4rg\u00e5rdens lilla Boutique-hotell<\/h2>\n<p><b>Ullman&#8217;s Villa<\/b> \u00e4r en unik milj\u00f6 p\u00e5 Kemito\u00f6n. Den ligger i Dalsbruk p\u00e5 en kulle, omgiven av en mycket vacker park vid havet. Du kommer upp dit l\u00e4ngs en vacker v\u00e4g, kantad av askar och lindar.<br \/>V\u00e4gen tar dig till en idyllisk byggnad och en v\u00e4lsk\u00f6tt och sagolik park. Byggnaden utstr\u00e5lar v\u00e4rdighet, vilket forts\u00e4tter \u00e4ven innanf\u00f6r. Den slottliknande byggnaden, som har varit i privat \u00e4go sedan 1800- talet, \u00f6ppnar nu sina d\u00f6rrar f\u00f6r publik.&nbsp;<\/p>\n        <div\n            class=\"spotlight-instagram-feed\"\n            data-feed-var=\"6f1a46c4\"\n            data-analytics=\"0\"\n            data-instance=\"152\"\n        >\n        <\/div>\n        <input type=\"hidden\" id=\"sli__f__6f1a46c4\" data-json='{&quot;useCase&quot;:&quot;accounts&quot;,&quot;template&quot;:null,&quot;layout&quot;:null,&quot;numColumns&quot;:{&quot;desktop&quot;:3},&quot;highlightFreq&quot;:{&quot;desktop&quot;:7},&quot;sliderNumScrollPosts&quot;:{&quot;desktop&quot;:1},&quot;sliderInfinite&quot;:true,&quot;sliderLoop&quot;:false,&quot;sliderArrowPos&quot;:{&quot;desktop&quot;:&quot;inside&quot;},&quot;sliderArrowSize&quot;:{&quot;desktop&quot;:20},&quot;sliderArrowColor&quot;:{&quot;r&quot;:255,&quot;b&quot;:255,&quot;g&quot;:255,&quot;a&quot;:1},&quot;sliderArrowBgColor&quot;:{&quot;r&quot;:0,&quot;b&quot;:0,&quot;g&quot;:0,&quot;a&quot;:0.8000000000000000444089209850062616169452667236328125},&quot;sliderAutoScroll&quot;:false,&quot;sliderAutoInterval&quot;:3,&quot;postOrder&quot;:&quot;date_desc&quot;,&quot;numPosts&quot;:{&quot;desktop&quot;:9},&quot;linkBehavior&quot;:{&quot;desktop&quot;:&quot;lightbox&quot;},&quot;feedWidth&quot;:{&quot;desktop&quot;:0},&quot;feedHeight&quot;:{&quot;desktop&quot;:0},&quot;feedPadding&quot;:{&quot;desktop&quot;:0,&quot;tablet&quot;:14,&quot;phone&quot;:10},&quot;imgPadding&quot;:{&quot;desktop&quot;:9,&quot;tablet&quot;:10,&quot;phone&quot;:6},&quot;textSize&quot;:{&quot;desktop&quot;:0,&quot;tablet&quot;:0,&quot;phone&quot;:0},&quot;bgColor&quot;:{&quot;r&quot;:255,&quot;g&quot;:255,&quot;b&quot;:255,&quot;a&quot;:0},&quot;hoverInfo&quot;:[&quot;insta_link&quot;],&quot;textColorHover&quot;:{&quot;r&quot;:255,&quot;g&quot;:255,&quot;b&quot;:255,&quot;a&quot;:1},&quot;bgColorHover&quot;:{&quot;r&quot;:0,&quot;g&quot;:0,&quot;b&quot;:0,&quot;a&quot;:0.5},&quot;showHeader&quot;:{&quot;desktop&quot;:false},&quot;headerInfo&quot;:{&quot;desktop&quot;:[&quot;profile_pic&quot;,&quot;bio&quot;]},&quot;headerAccount&quot;:null,&quot;headerStyle&quot;:{&quot;desktop&quot;:&quot;normal&quot;},&quot;headerTextSize&quot;:{&quot;desktop&quot;:0},&quot;headerPhotoSize&quot;:{&quot;desktop&quot;:50},&quot;headerTextColor&quot;:{&quot;r&quot;:0,&quot;g&quot;:0,&quot;b&quot;:0,&quot;a&quot;:1},&quot;headerBgColor&quot;:{&quot;r&quot;:255,&quot;g&quot;:255,&quot;b&quot;:255,&quot;a&quot;:1},&quot;headerPadding&quot;:{&quot;desktop&quot;:0},&quot;customProfilePic&quot;:&quot;&quot;,&quot;customBioText&quot;:&quot;&quot;,&quot;includeStories&quot;:false,&quot;storiesInterval&quot;:5,&quot;showCaptions&quot;:{&quot;desktop&quot;:false},&quot;captionMaxLength&quot;:{&quot;desktop&quot;:0},&quot;captionRemoveDots&quot;:false,&quot;captionSize&quot;:{&quot;desktop&quot;:0},&quot;captionColor&quot;:{&quot;r&quot;:0,&quot;g&quot;:0,&quot;b&quot;:0,&quot;a&quot;:1},&quot;showLikes&quot;:{&quot;desktop&quot;:false},&quot;showComments&quot;:{&quot;desktop&quot;:false},&quot;lcIconSize&quot;:{&quot;desktop&quot;:14},&quot;likesIconColor&quot;:{&quot;r&quot;:0,&quot;g&quot;:0,&quot;b&quot;:0,&quot;a&quot;:1},&quot;commentsIconColor&quot;:{&quot;r&quot;:0,&quot;g&quot;:0,&quot;b&quot;:0,&quot;a&quot;:1},&quot;lightboxShowSidebar&quot;:false,&quot;lightboxCtaStyle&quot;:&quot;link&quot;,&quot;lightboxCtaDesign&quot;:{&quot;text&quot;:{&quot;color&quot;:{&quot;r&quot;:0,&quot;g&quot;:0,&quot;b&quot;:0,&quot;a&quot;:1},&quot;align&quot;:&quot;center&quot;},&quot;bgColor&quot;:{&quot;r&quot;:230,&quot;g&quot;:230,&quot;b&quot;:230,&quot;a&quot;:1},&quot;border&quot;:{&quot;radius&quot;:3}},&quot;numLightboxComments&quot;:50,&quot;showLoadMoreBtn&quot;:{&quot;desktop&quot;:false},&quot;loadMoreBtnDesign&quot;:{&quot;text&quot;:{&quot;color&quot;:{&quot;r&quot;:255,&quot;g&quot;:255,&quot;b&quot;:255,&quot;a&quot;:1},&quot;align&quot;:&quot;center&quot;},&quot;border&quot;:{&quot;radius&quot;:3},&quot;bgColor&quot;:{&quot;r&quot;:0,&quot;g&quot;:149,&quot;b&quot;:246,&quot;a&quot;:1},&quot;margin&quot;:{&quot;top&quot;:0,&quot;bottom&quot;:0,&quot;left&quot;:0,&quot;right&quot;:0}},&quot;loadMoreBtnText&quot;:&quot;Load more&quot;,&quot;loadMoreBtnScroll&quot;:true,&quot;autoload&quot;:false,&quot;showFollowBtn&quot;:{&quot;desktop&quot;:true},&quot;followBtnText&quot;:&quot;Follow on Instagram&quot;,&quot;followBtnDesign&quot;:{&quot;text&quot;:{&quot;color&quot;:{&quot;r&quot;:255,&quot;g&quot;:255,&quot;b&quot;:255,&quot;a&quot;:1},&quot;align&quot;:&quot;center&quot;},&quot;border&quot;:{&quot;radius&quot;:3},&quot;bgColor&quot;:{&quot;r&quot;:0,&quot;g&quot;:149,&quot;b&quot;:246,&quot;a&quot;:1},&quot;margin&quot;:{&quot;top&quot;:0,&quot;bottom&quot;:0,&quot;left&quot;:0,&quot;right&quot;:0}},&quot;followBtnLocation&quot;:{&quot;desktop&quot;:&quot;header&quot;,&quot;phone&quot;:&quot;bottom&quot;},&quot;alignFooterButtons&quot;:{&quot;desktop&quot;:false},&quot;customCss&quot;:&quot;\\\/* Enter your custom CSS below *\\\/\\n\\n&quot;,&quot;accounts&quot;:[606],&quot;tagged&quot;:[],&quot;hashtags&quot;:[],&quot;mediaType&quot;:&quot;all&quot;,&quot;hashtagWhitelist&quot;:[],&quot;hashtagBlacklist&quot;:[],&quot;captionWhitelist&quot;:[],&quot;captionBlacklist&quot;:[],&quot;hashtagWhitelistSettings&quot;:true,&quot;hashtagBlacklistSettings&quot;:true,&quot;captionWhitelistSettings&quot;:true,&quot;captionBlacklistSettings&quot;:true,&quot;moderation&quot;:[],&quot;moderationMode&quot;:&quot;blacklist&quot;,&quot;promosVersion&quot;:2,&quot;promosEnabled&quot;:true,&quot;globalPromosEnabled&quot;:true,&quot;autoPromosEnabled&quot;:true,&quot;promoOverrides&quot;:[],&quot;feedPromo&quot;:{&quot;linkSource&quot;:{&quot;type&quot;:null},&quot;linkBehavior&quot;:{&quot;openNewTab&quot;:false,&quot;showPopupBox&quot;:false},&quot;linkText&quot;:&quot;&quot;},&quot;gaCampaignSource&quot;:&quot;&quot;,&quot;gaCampaignMedium&quot;:&quot;&quot;,&quot;gaCampaignName&quot;:&quot;&quot;}' \/>\n        <input type=\"hidden\" id=\"sli__a__6f1a46c4\" data-json='[{&quot;id&quot;:606,&quot;type&quot;:&quot;BUSINESS&quot;,&quot;userId&quot;:&quot;17841408362975986&quot;,&quot;username&quot;:&quot;ullmansvilla&quot;,&quot;bio&quot;:&quot;Taalintehtaalla saariston pieni boutique-hotelli sek\\u00e4 kakkulinna, bistro&quot;,&quot;customBio&quot;:&quot;&quot;,&quot;profilePicUrl&quot;:&quot;https:\\\/\\\/scontent-hel3-1.xx.fbcdn.net\\\/v\\\/t51.2885-15\\\/256880992_310233000844579_3724424251578258441_n.jpg?_nc_cat=108&amp;ccb=1-7&amp;_nc_sid=7d201b&amp;_nc_ohc=uQppvjLo7UAQ7kNvgEfd0bL&amp;_nc_ht=scontent-hel3-1.xx&amp;edm=AL-3X8kEAAAA&amp;oh=00_AYDmC15r__uKkLib4i_FsvpDn1UTD15jSa-4LpIfOyYXYQ&amp;oe=6681251E&quot;,&quot;customProfilePicUrl&quot;:&quot;&quot;,&quot;mediaCount&quot;:&quot;675&quot;,&quot;followersCount&quot;:&quot;5400&quot;,&quot;usages&quot;:[],&quot;creationDate&quot;:&quot;2023-06-01 07:19:51&quot;}]' \/>\n        <input type=\"hidden\" id=\"sli__m__6f1a46c4\" data-json='[]' \/>","protected":false},"excerpt":{"rendered":"<p>Sk\u00e4rg\u00e5rdens lilla Boutique-hotell Ullman&#8217;s Villa \u00e4r en unik milj\u00f6 p\u00e5 Kemito\u00f6n. Den ligger i Dalsbruk p\u00e5 en kulle, omgiven av en mycket vacker park vid havet. Du kommer upp dit l\u00e4ngs en vacker v\u00e4g, kantad av askar och lindar.V\u00e4gen tar dig till en idyllisk byggnad och en v\u00e4lsk\u00f6tt och sagolik park. Byggnaden utstr\u00e5lar v\u00e4rdighet, vilket [&hellip;]<\/p>","protected":false},"author":1,"featured_media":0,"parent":0,"menu_order":0,"comment_status":"closed","ping_status":"closed","template":"elementor_header_footer","meta":{"_et_pb_use_builder":"","_et_pb_old_content":"","_et_gb_content_width":"","footnotes":""},"class_list":["post-152","page","type-page","status-publish","hentry"],"_links":{"self":[{"href":"https:\/\/ullmansvilla.fi\/sv\/wp-json\/wp\/v2\/pages\/152","targetHints":{"allow":["GET"]}}],"collection":[{"href":"https:\/\/ullmansvilla.fi\/sv\/wp-json\/wp\/v2\/pages"}],"about":[{"href":"https:\/\/ullmansvilla.fi\/sv\/wp-json\/wp\/v2\/types\/page"}],"author":[{"embeddable":true,"href":"https:\/\/ullmansvilla.fi\/sv\/wp-json\/wp\/v2\/users\/1"}],"replies":[{"embeddable":true,"href":"https:\/\/ullmansvilla.fi\/sv\/wp-json\/wp\/v2\/comments?post=152"}],"version-history":[{"count":36,"href":"https:\/\/ullmansvilla.fi\/sv\/wp-json\/wp\/v2\/pages\/152\/revisions"}],"predecessor-version":[{"id":6884,"href":"https:\/\/ullmansvilla.fi\/sv\/wp-json\/wp\/v2\/pages\/152\/revisions\/6884"}],"wp:attachment":[{"href":"https:\/\/ullmansvilla.fi\/sv\/wp-json\/wp\/v2\/media?parent=152"}],"curies":[{"name":"wp","href":"https:\/\/api.w.org\/{rel}","templated":true}]}}