{"id":198,"date":"2022-05-17T00:03:01","date_gmt":"2022-05-16T21:03:01","guid":{"rendered":"http:\/\/staging1.tyrnimedia.net\/?page_id=198"},"modified":"2023-10-12T12:46:59","modified_gmt":"2023-10-12T09:46:59","slug":"bistro-in-swedish","status":"publish","type":"page","link":"https:\/\/ullmansvilla.fi\/sv\/bistro-in-swedish\/","title":{"rendered":"Bistro"},"content":{"rendered":"<h2>Bistro<\/h2>\n<p>&#8221;G\u00f6r vad du \u00e4lskar&#8221; &#8230; Vi \u00e4lskar mat och smaker. Speciellt medelhavsomr\u00e5dets kryddor blandade med sk\u00e4rg\u00e5rdens lokala r\u00e5varor g\u00f6r att smakerna som dansar p\u00e5 tungan f\u00e5r talet l\u00e5ta som skratt!<\/p>\n<p>De idividuellt valda vinerna fr\u00e5n sm\u00e5producenter f\u00f6r med sig h\u00e4lsningar fr\u00e5n ving\u00e5rdarna i olika delar av Europa. Menun \u00e4r v\u00e4xlande. Grunden till lunchmenun best\u00e5r av m\u00e4ttande och fr\u00e4scha sallader<br \/>och fylliga aromrika soppor. Till middag serveras smaker fr\u00e5n grillen och k\u00f6kets \u00e5ngande grytor.\u00a0Dagsmenyn hittar du p\u00e5 v\u00e5ra sociala medier, antingen p\u00e5 <a href=\"https:\/\/www.instagram.com\/ullmansvilla\/\">Instagram<\/a> eller <a href=\"https:\/\/www.facebook.com\/ullmansvilla\/\">Facebook.<\/a><\/p>\n<p>Nu kan du hitta f\u00f6rr\u00e4tter i villan. De \u00e4r samlingar av v\u00e5ra favoriter och lokala r\u00e5varor, perfekta f\u00f6r att \u00e5tf\u00f6lja ett glas vin &#8211; ensam eller med n\u00e5gon du \u00e4lskar.\u00a0<\/p>","protected":false},"excerpt":{"rendered":"<p>Bistro &#8221;G\u00f6r vad du \u00e4lskar&#8221; &#8230; Vi \u00e4lskar mat och smaker. Speciellt medelhavsomr\u00e5dets kryddor blandade med sk\u00e4rg\u00e5rdens lokala r\u00e5varor g\u00f6r att smakerna som dansar p\u00e5 tungan f\u00e5r talet l\u00e5ta som skratt! De idividuellt valda vinerna fr\u00e5n sm\u00e5producenter f\u00f6r med sig h\u00e4lsningar fr\u00e5n ving\u00e5rdarna i olika delar av Europa. Menun \u00e4r v\u00e4xlande. Grunden till lunchmenun best\u00e5r [&hellip;]<\/p>","protected":false},"author":1,"featured_media":0,"parent":0,"menu_order":0,"comment_status":"closed","ping_status":"closed","template":"elementor_header_footer","meta":{"_et_pb_use_builder":"","_et_pb_old_content":"","_et_gb_content_width":"","footnotes":""},"class_list":["post-198","page","type-page","status-publish","hentry"],"_links":{"self":[{"href":"https:\/\/ullmansvilla.fi\/sv\/wp-json\/wp\/v2\/pages\/198","targetHints":{"allow":["GET"]}}],"collection":[{"href":"https:\/\/ullmansvilla.fi\/sv\/wp-json\/wp\/v2\/pages"}],"about":[{"href":"https:\/\/ullmansvilla.fi\/sv\/wp-json\/wp\/v2\/types\/page"}],"author":[{"embeddable":true,"href":"https:\/\/ullmansvilla.fi\/sv\/wp-json\/wp\/v2\/users\/1"}],"replies":[{"embeddable":true,"href":"https:\/\/ullmansvilla.fi\/sv\/wp-json\/wp\/v2\/comments?post=198"}],"version-history":[{"count":24,"href":"https:\/\/ullmansvilla.fi\/sv\/wp-json\/wp\/v2\/pages\/198\/revisions"}],"predecessor-version":[{"id":6750,"href":"https:\/\/ullmansvilla.fi\/sv\/wp-json\/wp\/v2\/pages\/198\/revisions\/6750"}],"wp:attachment":[{"href":"https:\/\/ullmansvilla.fi\/sv\/wp-json\/wp\/v2\/media?parent=198"}],"curies":[{"name":"wp","href":"https:\/\/api.w.org\/{rel}","templated":true}]}}