{"id":211,"date":"2022-05-17T00:07:33","date_gmt":"2022-05-16T21:07:33","guid":{"rendered":"http:\/\/staging1.tyrnimedia.net\/?page_id=211"},"modified":"2023-10-12T12:37:44","modified_gmt":"2023-10-12T09:37:44","slug":"hotellet","status":"publish","type":"page","link":"https:\/\/ullmansvilla.fi\/sv\/hotellet\/","title":{"rendered":"Hotellet"},"content":{"rendered":"<h2>Om v\u00e5ran hotell<\/h2>\n<p>Hotellets rum ber\u00e4ttar sin egen historia. Rummens vackra inredning och de unika antikm\u00f6blerna och textilerna, som \u00e4r valda med omsorg, andas g\u00e5ngna tiders charm. Den vilosamma st\u00e4mningen h\u00f6ljer g\u00e4sterna in i s\u00f6mnens lyckliga v\u00e4rld- som om tidens str\u00f6m hade stannat upp f\u00f6r en stund. P\u00e5 morgonen lockar solstr\u00e5larnas dans p\u00e5 tapetm\u00f6nstren g\u00e4sten till ett rikt frukostbord och nya \u00e4ventyr.<\/p>\n<p>Rumsspecifika beskrivningar och tillg\u00e5ng f\u00f6r bokningar hittar du <a href=\"http:\/\/ullmansvilla.bookingonline.fi\">h\u00e4r<\/a>.\u00a0<\/p>\n<p>Incheckning 16:00<br \/>Utcheckning 12:00<\/p>\n<p>Parkeringsplatsen p\u00e5 hotellets g\u00e5rd \u00e4r endast reserverad f\u00f6r \u00f6vernattande g\u00e4ster. Andra kunder rekommenderas att parkera bredvid Dalsbruksv\u00e4gen.<\/p>\n<p>\u00a0<\/p>\n<p>V\u00e5rt hotell har ocks\u00e5 ett rum, Onni, d\u00e4r du kan ta med ditt husdjur.<\/p>\n<p>\t\t\t\t\t\t\t\t\t\t\t\t\t\t\t<img decoding=\"async\" width=\"800\" height=\"594\" src=\"https:\/\/ullmansvilla.fi\/wp-content\/uploads\/2023\/05\/sviitissa3-1024x760.jpg\" alt=\"\" loading=\"lazy\" srcset=\"https:\/\/ullmansvilla.fi\/wp-content\/uploads\/2023\/05\/sviitissa3-1024x760.jpg 1024w, https:\/\/ullmansvilla.fi\/wp-content\/uploads\/2023\/05\/sviitissa3-300x223.jpg 300w, https:\/\/ullmansvilla.fi\/wp-content\/uploads\/2023\/05\/sviitissa3-768x570.jpg 768w, https:\/\/ullmansvilla.fi\/wp-content\/uploads\/2023\/05\/sviitissa3-1536x1140.jpg 1536w, https:\/\/ullmansvilla.fi\/wp-content\/uploads\/2023\/05\/sviitissa3-2048x1520.jpg 2048w\" sizes=\"(max-width: 800px) 100vw, 800px\" \/><br \/>\n\t\t\t\t\t\t\t<a href=\"https:\/\/ullmansvilla.fi\/wp-content\/uploads\/2023\/06\/ullman-42.jpg\" data-elementor-open-lightbox=\"yes\" data-elementor-lightbox-slideshow=\"all-373b854\" data-elementor-lightbox-title=\"Ullman&#039;s Villa\" data-e-action-hash=\"#elementor-action%3Aaction%3Dlightbox%26settings%3DeyJpZCI6MTkzMiwidXJsIjoiaHR0cHM6XC9cL3VsbG1hbnN2aWxsYS5maVwvd3AtY29udGVudFwvdXBsb2Fkc1wvMjAyM1wvMDZcL3VsbG1hbi00Mi5qcGciLCJzbGlkZXNob3ciOiJhbGwtMzczYjg1NCJ9\"><br \/>\n\t\t\t\t\t\t\t\t\t\t\t\t\t\t<\/a><br \/>\n\t\t\t\t\t\t\t<a href=\"https:\/\/ullmansvilla.fi\/wp-content\/uploads\/2023\/06\/ullman-23.jpg\" data-elementor-open-lightbox=\"yes\" data-elementor-lightbox-slideshow=\"all-373b854\" data-elementor-lightbox-title=\"Ullman&#039;s Villa\" data-e-action-hash=\"#elementor-action%3Aaction%3Dlightbox%26settings%3DeyJpZCI6MTkzMSwidXJsIjoiaHR0cHM6XC9cL3VsbG1hbnN2aWxsYS5maVwvd3AtY29udGVudFwvdXBsb2Fkc1wvMjAyM1wvMDZcL3VsbG1hbi0yMy5qcGciLCJzbGlkZXNob3ciOiJhbGwtMzczYjg1NCJ9\"><br \/>\n\t\t\t\t\t\t\t\t\t\t\t\t\t\t<\/a><br \/>\n\t\t\t\t\t\t\t<a href=\"https:\/\/ullmansvilla.fi\/wp-content\/uploads\/2023\/07\/ulla-3.jpg\" data-elementor-open-lightbox=\"yes\" data-elementor-lightbox-slideshow=\"all-373b854\" data-elementor-lightbox-title=\"Ullman&#039;s Villa\" data-e-action-hash=\"#elementor-action%3Aaction%3Dlightbox%26settings%3DeyJpZCI6MjQzNSwidXJsIjoiaHR0cHM6XC9cL3VsbG1hbnN2aWxsYS5maVwvd3AtY29udGVudFwvdXBsb2Fkc1wvMjAyM1wvMDdcL3VsbGEtMy5qcGciLCJzbGlkZXNob3ciOiJhbGwtMzczYjg1NCJ9\"><br \/>\n\t\t\t\t\t\t\t\t\t\t\t\t\t\t<\/a><br \/>\n\t\t\t\t\t\t\t<a href=\"https:\/\/ullmansvilla.fi\/wp-content\/uploads\/2023\/06\/ullman-14.jpg\" data-elementor-open-lightbox=\"yes\" data-elementor-lightbox-slideshow=\"all-373b854\" data-elementor-lightbox-title=\"Ullman&#039;s Villa\" data-e-action-hash=\"#elementor-action%3Aaction%3Dlightbox%26settings%3DeyJpZCI6MTkzMywidXJsIjoiaHR0cHM6XC9cL3VsbG1hbnN2aWxsYS5maVwvd3AtY29udGVudFwvdXBsb2Fkc1wvMjAyM1wvMDZcL3VsbG1hbi0xNC5qcGciLCJzbGlkZXNob3ciOiJhbGwtMzczYjg1NCJ9\"><br \/>\n\t\t\t\t\t\t\t\t\t\t\t\t\t\t<\/a><\/p>","protected":false},"excerpt":{"rendered":"<p>Om v\u00e5ran hotell Hotellets rum ber\u00e4ttar sin egen historia. Rummens vackra inredning och de unika antikm\u00f6blerna och textilerna, som \u00e4r valda med omsorg, andas g\u00e5ngna tiders charm. Den vilosamma st\u00e4mningen h\u00f6ljer g\u00e4sterna in i s\u00f6mnens lyckliga v\u00e4rld- som om tidens str\u00f6m hade stannat upp f\u00f6r en stund. P\u00e5 morgonen lockar solstr\u00e5larnas dans p\u00e5 tapetm\u00f6nstren g\u00e4sten [&hellip;]<\/p>","protected":false},"author":1,"featured_media":0,"parent":0,"menu_order":0,"comment_status":"closed","ping_status":"closed","template":"elementor_header_footer","meta":{"_et_pb_use_builder":"","_et_pb_old_content":"","_et_gb_content_width":"","footnotes":""},"class_list":["post-211","page","type-page","status-publish","hentry"],"_links":{"self":[{"href":"https:\/\/ullmansvilla.fi\/sv\/wp-json\/wp\/v2\/pages\/211","targetHints":{"allow":["GET"]}}],"collection":[{"href":"https:\/\/ullmansvilla.fi\/sv\/wp-json\/wp\/v2\/pages"}],"about":[{"href":"https:\/\/ullmansvilla.fi\/sv\/wp-json\/wp\/v2\/types\/page"}],"author":[{"embeddable":true,"href":"https:\/\/ullmansvilla.fi\/sv\/wp-json\/wp\/v2\/users\/1"}],"replies":[{"embeddable":true,"href":"https:\/\/ullmansvilla.fi\/sv\/wp-json\/wp\/v2\/comments?post=211"}],"version-history":[{"count":32,"href":"https:\/\/ullmansvilla.fi\/sv\/wp-json\/wp\/v2\/pages\/211\/revisions"}],"predecessor-version":[{"id":6725,"href":"https:\/\/ullmansvilla.fi\/sv\/wp-json\/wp\/v2\/pages\/211\/revisions\/6725"}],"wp:attachment":[{"href":"https:\/\/ullmansvilla.fi\/sv\/wp-json\/wp\/v2\/media?parent=211"}],"curies":[{"name":"wp","href":"https:\/\/api.w.org\/{rel}","templated":true}]}}