{"id":229,"date":"2022-05-17T00:13:32","date_gmt":"2022-05-16T21:13:32","guid":{"rendered":"http:\/\/staging1.tyrnimedia.net\/?page_id=229"},"modified":"2023-10-11T16:35:14","modified_gmt":"2023-10-11T13:35:14","slug":"kakslottet","status":"publish","type":"page","link":"https:\/\/ullmansvilla.fi\/sv\/kakslottet\/","title":{"rendered":"Kakslottet"},"content":{"rendered":"<h2>Kakslottet<\/h2>\n<p>\t\t\t\t\t\t\t<a href=\"https:\/\/ullmansvilla.fi\/wp-content\/uploads\/2023\/05\/tervetulo-kakku-1-scaled.jpg\" data-elementor-open-lightbox=\"yes\" data-elementor-lightbox-slideshow=\"all-0f655ae\" data-elementor-lightbox-title=\"tervetulo kakku (1)\" data-e-action-hash=\"#elementor-action%3Aaction%3Dlightbox%26settings%3DeyJpZCI6NTA1LCJ1cmwiOiJodHRwczpcL1wvdWxsbWFuc3ZpbGxhLmZpXC93cC1jb250ZW50XC91cGxvYWRzXC8yMDIzXC8wNVwvdGVydmV0dWxvLWtha2t1LTEtc2NhbGVkLmpwZyIsInNsaWRlc2hvdyI6ImFsbC0wZjY1NWFlIn0%3D\"><br \/>\n\t\t\t\t\t\t\t\t\t\t\t\t\t\t<\/a><br \/>\n\t\t\t\t\t\t\t<a href=\"https:\/\/ullmansvilla.fi\/wp-content\/uploads\/2023\/05\/sviitissa-scaled-e1688194531257.jpg\" data-elementor-open-lightbox=\"yes\" data-elementor-lightbox-slideshow=\"all-0f655ae\" data-elementor-lightbox-title=\"sviitiss\u00e4\" data-e-action-hash=\"#elementor-action%3Aaction%3Dlightbox%26settings%3DeyJpZCI6MzczLCJ1cmwiOiJodHRwczpcL1wvdWxsbWFuc3ZpbGxhLmZpXC93cC1jb250ZW50XC91cGxvYWRzXC8yMDIzXC8wNVwvc3ZpaXRpc3NhLXNjYWxlZC1lMTY4ODE5NDUzMTI1Ny5qcGciLCJzbGlkZXNob3ciOiJhbGwtMGY2NTVhZSJ9\"><br \/>\n\t\t\t\t\t\t\t\t\t\t\t\t\t\t<\/a><br \/>\n\t\t\t\t\t\t\t<a href=\"https:\/\/ullmansvilla.fi\/wp-content\/uploads\/2023\/06\/ullman-21-e1688194501121.jpg\" data-elementor-open-lightbox=\"yes\" data-elementor-lightbox-slideshow=\"all-0f655ae\" data-elementor-lightbox-title=\"Ullman&#039;s Villa\" data-e-action-hash=\"#elementor-action%3Aaction%3Dlightbox%26settings%3DeyJpZCI6MTkyOSwidXJsIjoiaHR0cHM6XC9cL3VsbG1hbnN2aWxsYS5maVwvd3AtY29udGVudFwvdXBsb2Fkc1wvMjAyM1wvMDZcL3VsbG1hbi0yMS1lMTY4ODE5NDUwMTEyMS5qcGciLCJzbGlkZXNob3ciOiJhbGwtMGY2NTVhZSJ9\"><br \/>\n\t\t\t\t\t\t\t\t\t\t\t\t\t\t<\/a><br \/>\n\t\t\t\t\t\t\t<a href=\"https:\/\/ullmansvilla.fi\/wp-content\/uploads\/2023\/06\/suklaakakku-scaled.jpg\" data-elementor-open-lightbox=\"yes\" data-elementor-lightbox-slideshow=\"all-0f655ae\" data-elementor-lightbox-title=\"suklaakakku\" data-e-action-hash=\"#elementor-action%3Aaction%3Dlightbox%26settings%3DeyJpZCI6MTA1NSwidXJsIjoiaHR0cHM6XC9cL3VsbG1hbnN2aWxsYS5maVwvd3AtY29udGVudFwvdXBsb2Fkc1wvMjAyM1wvMDZcL3N1a2xhYWtha2t1LXNjYWxlZC5qcGciLCJzbGlkZXNob3ciOiJhbGwtMGY2NTVhZSJ9\"><br \/>\n\t\t\t\t\t\t\t\t\t\t\t\t\t\t<\/a><\/p>\n<p>Kakslottet \u00e4r som sinnenas fest. Doften av nymald espresso sv\u00e4var in i det soliga rummet.Till terassen sprider sig sorlet av prat och klirret av cappucinokoppar. Ljudet av chokladkakans glasyr under bakelsegaffeln ger en aning om smakupplevelsen. Dofter, smaker, f\u00e4rger, ljud- det \u00e4r v\u00e4nners avsp\u00e4nda kaffestund under den stora eken, sittandes p\u00e5 d\u00e4ckstolar och smakandes av mar\u00e4ngt\u00e5rtan.<\/p>\n<p>Du kan hitta laktosfria, glutenfria och veganska alternativ i Kakslottets kakor! V\u00e5ra kakor varierar dagligen, s\u00e5 fr\u00e5ga g\u00e4rna personalen f\u00f6r mer information om allergener.<\/p>\n<p>Beh\u00f6ver du en t\u00e5rta f\u00f6r speciella tillf\u00e4llen? Kontakta oss f\u00f6r att beskriva alla dina t\u00e5rtdr\u00f6mmar \u00e5t oss och f\u00f6r att f\u00e5 en offert!<\/p>","protected":false},"excerpt":{"rendered":"<p>Kakslottet Kakslottet \u00e4r som sinnenas fest. Doften av nymald espresso sv\u00e4var in i det soliga rummet.Till terassen sprider sig sorlet av prat och klirret av cappucinokoppar. Ljudet av chokladkakans glasyr under bakelsegaffeln ger en aning om smakupplevelsen. Dofter, smaker, f\u00e4rger, ljud- det \u00e4r v\u00e4nners avsp\u00e4nda kaffestund under den stora eken, sittandes p\u00e5 d\u00e4ckstolar och smakandes [&hellip;]<\/p>","protected":false},"author":1,"featured_media":0,"parent":0,"menu_order":0,"comment_status":"closed","ping_status":"closed","template":"elementor_header_footer","meta":{"_et_pb_use_builder":"","_et_pb_old_content":"","_et_gb_content_width":"","footnotes":""},"class_list":["post-229","page","type-page","status-publish","hentry"],"_links":{"self":[{"href":"https:\/\/ullmansvilla.fi\/sv\/wp-json\/wp\/v2\/pages\/229","targetHints":{"allow":["GET"]}}],"collection":[{"href":"https:\/\/ullmansvilla.fi\/sv\/wp-json\/wp\/v2\/pages"}],"about":[{"href":"https:\/\/ullmansvilla.fi\/sv\/wp-json\/wp\/v2\/types\/page"}],"author":[{"embeddable":true,"href":"https:\/\/ullmansvilla.fi\/sv\/wp-json\/wp\/v2\/users\/1"}],"replies":[{"embeddable":true,"href":"https:\/\/ullmansvilla.fi\/sv\/wp-json\/wp\/v2\/comments?post=229"}],"version-history":[{"count":35,"href":"https:\/\/ullmansvilla.fi\/sv\/wp-json\/wp\/v2\/pages\/229\/revisions"}],"predecessor-version":[{"id":6625,"href":"https:\/\/ullmansvilla.fi\/sv\/wp-json\/wp\/v2\/pages\/229\/revisions\/6625"}],"wp:attachment":[{"href":"https:\/\/ullmansvilla.fi\/sv\/wp-json\/wp\/v2\/media?parent=229"}],"curies":[{"name":"wp","href":"https:\/\/api.w.org\/{rel}","templated":true}]}}