{"id":406,"date":"2023-05-16T10:57:31","date_gmt":"2023-05-16T07:57:31","guid":{"rendered":"https:\/\/ullmansvilla.fi\/?page_id=406"},"modified":"2023-10-12T11:28:35","modified_gmt":"2023-10-12T08:28:35","slug":"om-oss","status":"publish","type":"page","link":"https:\/\/ullmansvilla.fi\/sv\/om-oss\/","title":{"rendered":"Om Oss"},"content":{"rendered":"<h2>Om oss <\/h2>\n<p>En dr\u00f6m som h\u00f6ll p\u00e5 att brygga i 20 \u00e5r.<\/p>\n<p>Ett slott d\u00e4r jag, klivandes upp bredvid steng\u00e4rdet, s\u00e5g hur en sk\u00f6nhet skulle v\u00e4xa fram ur det. Sk\u00e5p, byr\u00e5ar och sk\u00e4nkar, de flesta \u00e4r n\u00e4stan 200 \u00e5r gamla och efter v\u00e4ntan f\u00e5r de sin v\u00e4rdiga anv\u00e4ndning. Familjen Ullmans Villa \u00e4r alla vi som f\u00e5r vara med och skapa denna unika upplevelse. Och de d\u00e4r \u00e4ppelpajerna och gallerpajerna som Laura designade vid 12 \u00e5rs \u00e5lder f\u00f6r att baka p\u00e5 ett litet hotell i Frankrike finns nu i t\u00e5rtaff\u00e4ren i Dalsbruk p\u00e5 Kimito\u00f6n.<\/p>\n<p>Villan bor p\u00e5 toppen av en kulle, omgiven av skyddande tr\u00e4d. Parkeringen p\u00e5 toppen av kullen \u00e4r i f\u00f6rsta hand reserverad f\u00f6r hotellkunder. Under h\u00f6gs\u00e4song (v\u00e5r och sommar) \u00e4r parkeringen p\u00e5 kullen endast f\u00f6r hotellkunder. Det finns stora parkeringsm\u00f6jligheter l\u00e4ngst ner p\u00e5 kullen.<\/p>\n<p>F\u00f6r att ta reda p\u00e5 aktuella \u00f6ppettider, bes\u00f6k v\u00e5ra Facebook- eller Instagram-sidor! Villan bor med sk\u00e4rg\u00e5rden och v\u00e5ra \u00f6ppettider varierar efter s\u00e4song.<\/p>\n<p>\u00a0<\/p>","protected":false},"excerpt":{"rendered":"<p>Om oss En dr\u00f6m som h\u00f6ll p\u00e5 att brygga i 20 \u00e5r. Ett slott d\u00e4r jag, klivandes upp bredvid steng\u00e4rdet, s\u00e5g hur en sk\u00f6nhet skulle v\u00e4xa fram ur det. Sk\u00e5p, byr\u00e5ar och sk\u00e4nkar, de flesta \u00e4r n\u00e4stan 200 \u00e5r gamla och efter v\u00e4ntan f\u00e5r de sin v\u00e4rdiga anv\u00e4ndning. Familjen Ullmans Villa \u00e4r alla vi som [&hellip;]<\/p>","protected":false},"author":1,"featured_media":0,"parent":0,"menu_order":0,"comment_status":"closed","ping_status":"closed","template":"elementor_header_footer","meta":{"_et_pb_use_builder":"","_et_pb_old_content":"","_et_gb_content_width":"","footnotes":""},"class_list":["post-406","page","type-page","status-publish","hentry"],"_links":{"self":[{"href":"https:\/\/ullmansvilla.fi\/sv\/wp-json\/wp\/v2\/pages\/406","targetHints":{"allow":["GET"]}}],"collection":[{"href":"https:\/\/ullmansvilla.fi\/sv\/wp-json\/wp\/v2\/pages"}],"about":[{"href":"https:\/\/ullmansvilla.fi\/sv\/wp-json\/wp\/v2\/types\/page"}],"author":[{"embeddable":true,"href":"https:\/\/ullmansvilla.fi\/sv\/wp-json\/wp\/v2\/users\/1"}],"replies":[{"embeddable":true,"href":"https:\/\/ullmansvilla.fi\/sv\/wp-json\/wp\/v2\/comments?post=406"}],"version-history":[{"count":28,"href":"https:\/\/ullmansvilla.fi\/sv\/wp-json\/wp\/v2\/pages\/406\/revisions"}],"predecessor-version":[{"id":6685,"href":"https:\/\/ullmansvilla.fi\/sv\/wp-json\/wp\/v2\/pages\/406\/revisions\/6685"}],"wp:attachment":[{"href":"https:\/\/ullmansvilla.fi\/sv\/wp-json\/wp\/v2\/media?parent=406"}],"curies":[{"name":"wp","href":"https:\/\/api.w.org\/{rel}","templated":true}]}}