{"id":7964,"date":"2024-02-04T12:06:46","date_gmt":"2024-02-04T10:06:46","guid":{"rendered":"https:\/\/ullmansvilla.fi\/?page_id=7964"},"modified":"2024-02-04T12:11:21","modified_gmt":"2024-02-04T10:11:21","slug":"vi-rekryterar","status":"publish","type":"page","link":"https:\/\/ullmansvilla.fi\/sv\/vi-rekryterar\/","title":{"rendered":"Vi rekryterar"},"content":{"rendered":"<h2>Vi rekryterar<\/h2>\n<p>Ullman\u2019s Villa \u00e4r ett litet boutiquehotell i Dalsbruk i mitten av en fantastisk park.<\/p>\n<p>V\u00e5r mat fokuserar p\u00e5 smaker fr\u00e5n s\u00f6dra Europa, med f\u00e4rska r\u00e5varor fr\u00e5n lokala producenter. Det stora urvalet av kakor i v\u00e5r &#8221;Kakkulinna&#8221; bakas dagligen i huset.\u00a0<\/p>\n<p>Villan erbjuder en avslappnad, vacker atmosf\u00e4r, d\u00e4r kunden kan koppla av och njuta av vad vi har att erbjuda.\u00a0<\/p>\n<p>Till sommaren s\u00f6ker vi ytterligare bes\u00e4ttning f\u00f6r att st\u00e4rka v\u00e5rt befintliga team inom b\u00e5de k\u00f6k och service.\u00a0<\/p>\n<p>\u00c4r du en v\u00e4nlig, motiverad person med ett skarp syn f\u00f6r detaljer och en vilja att l\u00e4ra dig och f\u00f6rb\u00e4ttra de olika uppgifter som Villan har att erbjuda, se till att ans\u00f6ka nu!\u00a0<\/p>\n<p>Ingen tidigare erfarenhet beh\u00f6vs, kunskaper i engelska ett f\u00f6rm\u00e5n.<\/p>\n<p><b>Skicka en friformad ans\u00f6kan och ditt cv till ullmans.villa@gmail.com eller kom p\u00e5 bes\u00f6k!<\/b><\/p>","protected":false},"excerpt":{"rendered":"<p>Vi rekryterar Ullman\u2019s Villa \u00e4r ett litet boutiquehotell i Dalsbruk i mitten av en fantastisk park. V\u00e5r mat fokuserar p\u00e5 smaker fr\u00e5n s\u00f6dra Europa, med f\u00e4rska r\u00e5varor fr\u00e5n lokala producenter. Det stora urvalet av kakor i v\u00e5r &#8221;Kakkulinna&#8221; bakas dagligen i huset.\u00a0 Villan erbjuder en avslappnad, vacker atmosf\u00e4r, d\u00e4r kunden kan koppla av och njuta [&hellip;]<\/p>","protected":false},"author":1,"featured_media":0,"parent":0,"menu_order":0,"comment_status":"closed","ping_status":"closed","template":"elementor_header_footer","meta":{"_et_pb_use_builder":"","_et_pb_old_content":"","_et_gb_content_width":"","footnotes":""},"class_list":["post-7964","page","type-page","status-publish","hentry"],"_links":{"self":[{"href":"https:\/\/ullmansvilla.fi\/sv\/wp-json\/wp\/v2\/pages\/7964","targetHints":{"allow":["GET"]}}],"collection":[{"href":"https:\/\/ullmansvilla.fi\/sv\/wp-json\/wp\/v2\/pages"}],"about":[{"href":"https:\/\/ullmansvilla.fi\/sv\/wp-json\/wp\/v2\/types\/page"}],"author":[{"embeddable":true,"href":"https:\/\/ullmansvilla.fi\/sv\/wp-json\/wp\/v2\/users\/1"}],"replies":[{"embeddable":true,"href":"https:\/\/ullmansvilla.fi\/sv\/wp-json\/wp\/v2\/comments?post=7964"}],"version-history":[{"count":7,"href":"https:\/\/ullmansvilla.fi\/sv\/wp-json\/wp\/v2\/pages\/7964\/revisions"}],"predecessor-version":[{"id":7981,"href":"https:\/\/ullmansvilla.fi\/sv\/wp-json\/wp\/v2\/pages\/7964\/revisions\/7981"}],"wp:attachment":[{"href":"https:\/\/ullmansvilla.fi\/sv\/wp-json\/wp\/v2\/media?parent=7964"}],"curies":[{"name":"wp","href":"https:\/\/api.w.org\/{rel}","templated":true}]}}