{"id":7990,"date":"2024-02-05T16:11:19","date_gmt":"2024-02-05T14:11:19","guid":{"rendered":"https:\/\/ullmansvilla.fi\/?page_id=7990"},"modified":"2026-03-12T11:40:08","modified_gmt":"2026-03-12T09:40:08","slug":"ullmans-villa","status":"publish","type":"page","link":"https:\/\/ullmansvilla.fi\/","title":{"rendered":"Ullman&#8217;s Villa"},"content":{"rendered":"<p>[et_pb_section fb_built=&#8221;1&#8243; disabled_on=&#8221;on|on|off&#8221; _builder_version=&#8221;4.24.0&#8243; _module_preset=&#8221;default&#8221; background_color=&#8221;RGBA(255,255,255,0)&#8221; background_image=&#8221;https:\/\/ullmansvilla.fi\/wp-content\/uploads\/2024\/02\/ullmansvilla-1-scaled.jpg&#8221; parallax=&#8221;on&#8221; min_height=&#8221;70vh&#8221; scroll_scaling=&#8221;0|28|28|100|100%|100|112%&#8221; motion_trigger_start=&#8221;top&#8221; global_colors_info=&#8221;{}&#8221;][et_pb_row _builder_version=&#8221;4.24.0&#8243; _module_preset=&#8221;default&#8221; background_enable_color=&#8221;off&#8221; positioning=&#8221;absolute&#8221; position_origin_a=&#8221;center_center&#8221; global_colors_info=&#8221;{}&#8221;][et_pb_column type=&#8221;4_4&#8243; _builder_version=&#8221;4.24.0&#8243; _module_preset=&#8221;default&#8221; global_colors_info=&#8221;{}&#8221;][et_pb_text _builder_version=&#8221;4.24.0&#8243; _module_preset=&#8221;default&#8221; header_font=&#8221;|800|||||||&#8221; header_text_color=&#8221;#FFFFFF&#8221; header_font_size=&#8221;3.2vw&#8221; text_orientation=&#8221;center&#8221; global_colors_info=&#8221;{}&#8221;]<\/p>\n<h1 class=\"p1\">Saariston pieni boutiquehotelli<\/h1>\n<p>[\/et_pb_text][\/et_pb_column][\/et_pb_row][et_pb_row _builder_version=&#8221;4.24.0&#8243; _module_preset=&#8221;default&#8221; positioning=&#8221;absolute&#8221; position_origin_a=&#8221;center_center&#8221; custom_padding=&#8221;162px||||false|false&#8221; global_colors_info=&#8221;{}&#8221;][et_pb_column type=&#8221;4_4&#8243; _builder_version=&#8221;4.24.0&#8243; _module_preset=&#8221;default&#8221; global_colors_info=&#8221;{}&#8221;][et_pb_button button_url=&#8221;https:\/\/ullmansvilla.bookingonline.fi\/&#8221; url_new_window=&#8221;on&#8221; button_text=&#8221;Booking&#8221; button_alignment=&#8221;center&#8221; _builder_version=&#8221;4.24.0&#8243; _module_preset=&#8221;default&#8221; global_colors_info=&#8221;{}&#8221;][\/et_pb_button][\/et_pb_column][\/et_pb_row][\/et_pb_section][et_pb_section fb_built=&#8221;1&#8243; disabled_on=&#8221;off|off|on&#8221; _builder_version=&#8221;4.24.0&#8243; _module_preset=&#8221;default&#8221; background_color=&#8221;RGBA(255,255,255,0)&#8221; background_image=&#8221;https:\/\/ullmansvilla.fi\/wp-content\/uploads\/2024\/02\/ullmansvilla-1-scaled.jpg&#8221; parallax=&#8221;on&#8221; min_height=&#8221;62vh&#8221; scroll_scaling=&#8221;0|28|28|100|100%|100|112%&#8221; motion_trigger_start=&#8221;top&#8221; global_colors_info=&#8221;{}&#8221;][et_pb_row _builder_version=&#8221;4.24.0&#8243; _module_preset=&#8221;default&#8221; background_enable_color=&#8221;off&#8221; positioning=&#8221;absolute&#8221; position_origin_a=&#8221;center_center&#8221; width_tablet=&#8221;&#8221; width_phone=&#8221;100%&#8221; width_last_edited=&#8221;on|phone&#8221; global_colors_info=&#8221;{}&#8221;][et_pb_column type=&#8221;4_4&#8243; _builder_version=&#8221;4.24.0&#8243; _module_preset=&#8221;default&#8221; global_colors_info=&#8221;{}&#8221;][et_pb_text _builder_version=&#8221;4.24.0&#8243; _module_preset=&#8221;default&#8221; header_font=&#8221;|800|||||||&#8221; header_text_color=&#8221;#FFFFFF&#8221; header_font_size=&#8221;8vw&#8221; text_orientation=&#8221;center&#8221; global_colors_info=&#8221;{}&#8221;]<\/p>\n<h1 class=\"p1\">Saariston pieni boutiquehotelli<\/h1>\n<p>[\/et_pb_text][et_pb_button button_url=&#8221;https:\/\/ullmansvilla.bookingonline.fi\/&#8221; url_new_window=&#8221;on&#8221; button_text=&#8221;Booking&#8221; button_alignment=&#8221;center&#8221; _builder_version=&#8221;4.24.0&#8243; _module_preset=&#8221;default&#8221; global_colors_info=&#8221;{}&#8221;][\/et_pb_button][\/et_pb_column][\/et_pb_row][\/et_pb_section][et_pb_section fb_built=&#8221;1&#8243; custom_padding_last_edited=&#8221;on|tablet&#8221; _builder_version=&#8221;4.27.4&#8243; _module_preset=&#8221;default&#8221; background_color=&#8221;gcid-f48b87d2-edcc-4efe-910b-916590e54fcf&#8221; custom_padding=&#8221;11px||30px||false|false&#8221; custom_padding_tablet=&#8221;11px||30px||false|false&#8221; custom_padding_phone=&#8221;||28px||false|false&#8221; hover_enabled=&#8221;0&#8243; global_colors_info=&#8221;{%22gcid-f48b87d2-edcc-4efe-910b-916590e54fcf%22:%91%22background_color%22%93}&#8221; disabled_on=&#8221;on|on|on&#8221; disabled=&#8221;on&#8221; sticky_enabled=&#8221;0&#8243;][et_pb_row use_custom_gutter=&#8221;on&#8221; gutter_width=&#8221;1&#8243; _builder_version=&#8221;4.27.4&#8243; _module_preset=&#8221;default&#8221; background_color=&#8221;#FFFFFF&#8221; width_tablet=&#8221;&#8221; width_phone=&#8221;90%&#8221; width_last_edited=&#8221;on|phone&#8221; custom_margin=&#8221;19px|auto||auto||&#8221; custom_padding=&#8221;43px|12px||12px|false|true&#8221; global_colors_info=&#8221;{}&#8221;][et_pb_column type=&#8221;4_4&#8243; _builder_version=&#8221;4.24.0&#8243; _module_preset=&#8221;default&#8221; global_colors_info=&#8221;{}&#8221;][et_pb_text _builder_version=&#8221;4.24.0&#8243; _module_preset=&#8221;default&#8221; text_orientation=&#8221;center&#8221; custom_margin=&#8221;||3px|||&#8221; custom_padding=&#8221;||16px|||&#8221; global_colors_info=&#8221;{}&#8221;]<\/p>\n<h2>Villassa tapahtuu<\/h2>\n<p>[\/et_pb_text][et_pb_portfolio posts_number=&#8221;1&#8243; show_title=&#8221;off&#8221; show_categories=&#8221;off&#8221; show_pagination=&#8221;off&#8221; _builder_version=&#8221;4.27.4&#8243; _module_preset=&#8221;default&#8221; width_tablet=&#8221;100%&#8221; width_phone=&#8221;100%&#8221; width_last_edited=&#8221;on|phone&#8221; max_width_last_edited=&#8221;off|desktop&#8221; module_alignment=&#8221;center&#8221; border_width_all=&#8221;15px&#8221; border_color_all=&#8221;#FFFFFF&#8221; border_color_all_image=&#8221;gcid-c9392124-ef5a-4b90-ab1d-13b60dae0fa8&#8243; global_colors_info=&#8221;{%22gcid-c9392124-ef5a-4b90-ab1d-13b60dae0fa8%22:%91%22border_color_all_image%22%93}&#8221; border_color_all_image__hover_enabled=&#8221;on|desktop&#8221; border_width_all_image__hover_enabled=&#8221;on|desktop&#8221; border_width_all_image__hover=&#8221;5px&#8221; border_color_all_image__hover=&#8221;#4f7547&#8243;][\/et_pb_portfolio][\/et_pb_column][\/et_pb_row][\/et_pb_section][et_pb_section fb_built=&#8221;1&#8243; disabled_on=&#8221;on|on|off&#8221; _builder_version=&#8221;4.24.0&#8243; _module_preset=&#8221;default&#8221; custom_padding=&#8221;0px||0px|||&#8221; global_colors_info=&#8221;{}&#8221;][et_pb_row column_structure=&#8221;1_3,1_3,1_3&#8243; make_equal=&#8221;on&#8221; _builder_version=&#8221;4.24.0&#8243; _module_preset=&#8221;default&#8221; width=&#8221;100%&#8221; max_width=&#8221;2560px&#8221; custom_padding=&#8221;0px|0px|0px|0px|false|false&#8221; global_colors_info=&#8221;{}&#8221;][et_pb_column type=&#8221;1_3&#8243; _builder_version=&#8221;4.24.0&#8243; _module_preset=&#8221;default&#8221; background_image=&#8221;https:\/\/ullmansvilla.fi\/wp-content\/uploads\/2024\/02\/ullman-7-scaled.jpg&#8221; global_colors_info=&#8221;{}&#8221;][\/et_pb_column][et_pb_column type=&#8221;1_3&#8243; _builder_version=&#8221;4.24.0&#8243; _module_preset=&#8221;default&#8221; custom_padding=&#8221;97px||97px||true|false&#8221; custom_padding_tablet=&#8221;97px||97px||true|false&#8221; custom_padding_phone=&#8221;97px||97px||true|false&#8221; custom_padding_last_edited=&#8221;on|tablet&#8221; global_colors_info=&#8221;{}&#8221;][et_pb_text _builder_version=&#8221;4.24.0&#8243; _module_preset=&#8221;default&#8221; global_colors_info=&#8221;{}&#8221;]<\/p>\n<p class=\"p1\"><strong>Ullman&#8217;s Villa<\/strong> on uniikki milj\u00f6\u00f6 Kemi\u00f6nsaarella. Se sijaitsee Taalintehtaalla, erityisen kauniin puiston ymp\u00e4r\u00f6im\u00e4ll\u00e4 kukkulalla meren rannalla. Kukkulalle noustaan saarnien ja lehmusten reunustamaa kaunista tiet\u00e4 pitkin. Tie p\u00e4\u00e4ttyy hyvinhoidettun ja satumaisen kauniin puiston reunaan rakennuksen vierell\u00e4. Rakennus itsess\u00e4\u00e4n huokuu arvokkuutta, joka jatkuu rakennuksen sis\u00e4tiloissa. Linnamainen rakennus, joka on uinunut yksityisess\u00e4 omistuksessa 1800-luvulta alkaen, avaa ovensa yleis\u00f6lle.<\/p>\n<p>[\/et_pb_text][et_pb_button button_url=&#8221;@ET-DC@eyJkeW5hbWljIjp0cnVlLCJjb250ZW50IjoicG9zdF9saW5rX3VybF9wYWdlIiwic2V0dGluZ3MiOnsicG9zdF9pZCI6IjUwIn19@&#8221; button_text=&#8221;Meid\u00e4n tarinamme&#8221; button_alignment=&#8221;center&#8221; _builder_version=&#8221;4.24.0&#8243; _dynamic_attributes=&#8221;button_url&#8221; _module_preset=&#8221;default&#8221; global_colors_info=&#8221;{}&#8221;][\/et_pb_button][\/et_pb_column][et_pb_column type=&#8221;1_3&#8243; _builder_version=&#8221;4.24.0&#8243; _module_preset=&#8221;default&#8221; background_image=&#8221;https:\/\/ullmansvilla.fi\/wp-content\/uploads\/2024\/02\/ullman-33-scaled.jpg&#8221; global_colors_info=&#8221;{}&#8221;][\/et_pb_column][\/et_pb_row][\/et_pb_section][et_pb_section fb_built=&#8221;1&#8243; disabled_on=&#8221;off|off|on&#8221; _builder_version=&#8221;4.24.0&#8243; _module_preset=&#8221;default&#8221; custom_padding=&#8221;0px||0px|||&#8221; global_colors_info=&#8221;{}&#8221;][et_pb_row _builder_version=&#8221;4.24.0&#8243; _module_preset=&#8221;default&#8221; global_colors_info=&#8221;{}&#8221;][et_pb_column type=&#8221;4_4&#8243; _builder_version=&#8221;4.24.0&#8243; _module_preset=&#8221;default&#8221; global_colors_info=&#8221;{}&#8221;][et_pb_text _builder_version=&#8221;4.24.0&#8243; _module_preset=&#8221;default&#8221; global_colors_info=&#8221;{}&#8221;]<\/p>\n<p class=\"p1\"><strong>Ullman&#8217;s Villa<\/strong> on uniikki milj\u00f6\u00f6 Kemi\u00f6nsaarella. Se sijaitsee Taalintehtaalla, erityisen kauniin puiston ymp\u00e4r\u00f6im\u00e4ll\u00e4 kukkulalla meren rannalla. Kukkulalle noustaan saarnien ja lehmusten reunustamaa kaunista tiet\u00e4 pitkin. Tie p\u00e4\u00e4ttyy hyvinhoidettun ja satumaisen kauniin puiston reunaan rakennuksen vierell\u00e4. Rakennus itsess\u00e4\u00e4n huokuu arvokkuutta, joka jatkuu rakennuksen sis\u00e4tiloissa. Linnamainen rakennus, joka on uinunut yksityisess\u00e4 omistuksessa 1800-luvulta alkaen, avaa ovensa yleis\u00f6lle.<\/p>\n<p>[\/et_pb_text][et_pb_button button_url=&#8221;@ET-DC@eyJkeW5hbWljIjp0cnVlLCJjb250ZW50IjoicG9zdF9saW5rX3VybF9wYWdlIiwic2V0dGluZ3MiOnsicG9zdF9pZCI6IjUwIn19@&#8221; button_text=&#8221;Meid\u00e4n tarinamme&#8221; button_alignment=&#8221;center&#8221; _builder_version=&#8221;4.24.0&#8243; _dynamic_attributes=&#8221;button_url&#8221; _module_preset=&#8221;default&#8221; global_colors_info=&#8221;{}&#8221;][\/et_pb_button][\/et_pb_column][\/et_pb_row][\/et_pb_section][et_pb_section fb_built=&#8221;1&#8243; _builder_version=&#8221;4.24.0&#8243; _module_preset=&#8221;default&#8221; background_color=&#8221;gcid-f48b87d2-edcc-4efe-910b-916590e54fcf&#8221; global_colors_info=&#8221;{%22gcid-f48b87d2-edcc-4efe-910b-916590e54fcf%22:%91%22background_color%22%93}&#8221;][et_pb_row _builder_version=&#8221;4.24.0&#8243; _module_preset=&#8221;default&#8221; background_color=&#8221;#FFFFFF&#8221; custom_padding=&#8221;35px||0px||false|false&#8221; global_colors_info=&#8221;{}&#8221;][et_pb_column type=&#8221;4_4&#8243; _builder_version=&#8221;4.24.0&#8243; _module_preset=&#8221;default&#8221; global_colors_info=&#8221;{}&#8221;][et_pb_text _builder_version=&#8221;4.24.0&#8243; _module_preset=&#8221;default&#8221; text_orientation=&#8221;center&#8221; global_colors_info=&#8221;{}&#8221;]<\/p>\n<h3>Tervetuloa meille!<\/h3>\n<p>[\/et_pb_text][\/et_pb_column][\/et_pb_row][et_pb_row column_structure=&#8221;1_3,1_3,1_3&#8243; use_custom_gutter=&#8221;on&#8221; gutter_width=&#8221;2&#8243; _builder_version=&#8221;4.24.0&#8243; _module_preset=&#8221;default&#8221; background_color=&#8221;#FFFFFF&#8221; custom_padding=&#8221;|30px||30px|false|true&#8221; global_colors_info=&#8221;{}&#8221;][et_pb_column type=&#8221;1_3&#8243; _builder_version=&#8221;4.24.0&#8243; _module_preset=&#8221;default&#8221; global_colors_info=&#8221;{}&#8221;][et_pb_image src=&#8221;https:\/\/ullmansvilla.fi\/wp-content\/uploads\/2024\/02\/jannetiskilla.jpg&#8221; title_text=&#8221;jannetiskilla&#8221; _builder_version=&#8221;4.24.0&#8243; _module_preset=&#8221;default&#8221; custom_margin=&#8221;||11px|||&#8221; global_colors_info=&#8221;{}&#8221;][\/et_pb_image][et_pb_text _builder_version=&#8221;4.24.0&#8243; _module_preset=&#8221;default&#8221; custom_margin=&#8221;||8px|||&#8221; global_colors_info=&#8221;{}&#8221;]<\/p>\n<p style=\"text-align: center;\">Tervetuloa y\u00f6pym\u00e4\u00e4n ylellisiin ja kodikkaisiin hotellihuoneisiimme!<\/p>\n<p>[\/et_pb_text][et_pb_button button_url=&#8221;@ET-DC@eyJkeW5hbWljIjp0cnVlLCJjb250ZW50IjoicG9zdF9saW5rX3VybF9wYWdlIiwic2V0dGluZ3MiOnsicG9zdF9pZCI6IjgwNjcifX0=@&#8221; button_text=&#8221;Hotelli&#8221; button_alignment=&#8221;center&#8221; _builder_version=&#8221;4.24.0&#8243; _dynamic_attributes=&#8221;button_url&#8221; _module_preset=&#8221;default&#8221; custom_button=&#8221;on&#8221; button_text_size=&#8221;14px&#8221; button_font=&#8221;|800|||||||&#8221; global_colors_info=&#8221;{}&#8221;][\/et_pb_button][\/et_pb_column][et_pb_column type=&#8221;1_3&#8243; _builder_version=&#8221;4.24.0&#8243; _module_preset=&#8221;default&#8221; global_colors_info=&#8221;{}&#8221;][et_pb_image src=&#8221;https:\/\/ullmansvilla.fi\/wp-content\/uploads\/2024\/02\/kakkulinna.jpg&#8221; title_text=&#8221;kakkulinna&#8221; _builder_version=&#8221;4.24.0&#8243; _module_preset=&#8221;default&#8221; custom_margin=&#8221;||11px|||&#8221; global_colors_info=&#8221;{}&#8221;][\/et_pb_image][et_pb_text _builder_version=&#8221;4.24.0&#8243; _module_preset=&#8221;default&#8221; custom_margin=&#8221;||8px|||&#8221; global_colors_info=&#8221;{}&#8221;]<\/p>\n<p style=\"text-align: center;\">Ihastu kakkulinnamme alati vaihtuvaan tarjontaan!<\/p>\n<p>[\/et_pb_text][et_pb_button button_url=&#8221;@ET-DC@eyJkeW5hbWljIjp0cnVlLCJjb250ZW50IjoicG9zdF9saW5rX3VybF9wYWdlIiwic2V0dGluZ3MiOnsicG9zdF9pZCI6IjgwMzQifX0=@&#8221; button_text=&#8221;Kakkulinna&#8221; button_alignment=&#8221;center&#8221; _builder_version=&#8221;4.24.0&#8243; _dynamic_attributes=&#8221;button_url&#8221; _module_preset=&#8221;default&#8221; custom_button=&#8221;on&#8221; button_text_size=&#8221;14px&#8221; button_font=&#8221;|800|||||||&#8221; global_colors_info=&#8221;{}&#8221;][\/et_pb_button][\/et_pb_column][et_pb_column type=&#8221;1_3&#8243; _builder_version=&#8221;4.24.0&#8243; _module_preset=&#8221;default&#8221; global_colors_info=&#8221;{}&#8221;][et_pb_image src=&#8221;https:\/\/ullmansvilla.fi\/wp-content\/uploads\/2024\/02\/ullman-21.jpg&#8221; title_text=&#8221;Ullman&#8217;s Villa&#8221; _builder_version=&#8221;4.24.0&#8243; _module_preset=&#8221;default&#8221; custom_margin=&#8221;||11px|||&#8221; global_colors_info=&#8221;{}&#8221;][\/et_pb_image][et_pb_text _builder_version=&#8221;4.24.0&#8243; _module_preset=&#8221;default&#8221; custom_margin=&#8221;||8px|||&#8221; global_colors_info=&#8221;{}&#8221;]<\/p>\n<p style=\"text-align: center;\">Nauti ravintolamme ruoista tai poikkea kahvittelemaan!<\/p>\n<p>[\/et_pb_text][et_pb_button button_url=&#8221;@ET-DC@eyJkeW5hbWljIjp0cnVlLCJjb250ZW50IjoicG9zdF9saW5rX3VybF9wYWdlIiwic2V0dGluZ3MiOnsicG9zdF9pZCI6IjgwNzgifX0=@&#8221; button_text=&#8221;Bistro&#8221; button_alignment=&#8221;center&#8221; _builder_version=&#8221;4.24.0&#8243; _dynamic_attributes=&#8221;button_url&#8221; _module_preset=&#8221;default&#8221; custom_button=&#8221;on&#8221; button_text_size=&#8221;14px&#8221; button_font=&#8221;|800|||||||&#8221; global_colors_info=&#8221;{}&#8221;][\/et_pb_button][\/et_pb_column][\/et_pb_row][\/et_pb_section][et_pb_section fb_built=&#8221;1&#8243; _builder_version=&#8221;4.24.0&#8243; _module_preset=&#8221;default&#8221; custom_padding=&#8221;51px||28px|||&#8221; global_colors_info=&#8221;{}&#8221;][et_pb_row _builder_version=&#8221;4.24.0&#8243; _module_preset=&#8221;default&#8221; custom_padding=&#8221;||4px||false|false&#8221; border_width_bottom=&#8221;1px&#8221; border_color_bottom=&#8221;gcid-c9392124-ef5a-4b90-ab1d-13b60dae0fa8&#8243; global_colors_info=&#8221;{%22gcid-c9392124-ef5a-4b90-ab1d-13b60dae0fa8%22:%91%22border_color_bottom%22%93}&#8221;][et_pb_column type=&#8221;4_4&#8243; _builder_version=&#8221;4.24.0&#8243; _module_preset=&#8221;default&#8221; global_colors_info=&#8221;{}&#8221;][et_pb_text _builder_version=&#8221;4.24.0&#8243; _module_preset=&#8221;default&#8221; text_orientation=&#8221;center&#8221; global_colors_info=&#8221;{}&#8221;]<\/p>\n<h2>Ullman&#8217;s Villa sijaitsee<\/h2>\n<p>[\/et_pb_text][\/et_pb_column][\/et_pb_row][et_pb_row column_structure=&#8221;1_3,1_3,1_3&#8243; _builder_version=&#8221;4.24.0&#8243; _module_preset=&#8221;default&#8221; global_colors_info=&#8221;{}&#8221;][et_pb_column type=&#8221;1_3&#8243; _builder_version=&#8221;4.24.0&#8243; _module_preset=&#8221;default&#8221; global_colors_info=&#8221;{}&#8221;][et_pb_number_counter title=&#8221;p\u00e4\u00e4ss\u00e4 Turusta&#8221; number=&#8221;50 km&#8221; percent_sign=&#8221;off&#8221; _builder_version=&#8221;4.24.0&#8243; _module_preset=&#8221;default&#8221; title_line_height=&#8221;0em&#8221; number_text_color=&#8221;gcid-c9392124-ef5a-4b90-ab1d-13b60dae0fa8&#8243; number_font_size=&#8221;60px&#8221; global_colors_info=&#8221;{%22gcid-c9392124-ef5a-4b90-ab1d-13b60dae0fa8%22:%91%22number_text_color%22%93}&#8221;][\/et_pb_number_counter][\/et_pb_column][et_pb_column type=&#8221;1_3&#8243; _builder_version=&#8221;4.24.0&#8243; _module_preset=&#8221;default&#8221; global_colors_info=&#8221;{}&#8221;][et_pb_number_counter title=&#8221;p\u00e4\u00e4ss\u00e4 Helsingist\u00e4&#8221; number=&#8221;140 km&#8221; percent_sign=&#8221;off&#8221; _builder_version=&#8221;4.24.0&#8243; _module_preset=&#8221;default&#8221; title_line_height=&#8221;0em&#8221; number_text_color=&#8221;gcid-c9392124-ef5a-4b90-ab1d-13b60dae0fa8&#8243; number_font_size=&#8221;60px&#8221; global_colors_info=&#8221;{%22gcid-c9392124-ef5a-4b90-ab1d-13b60dae0fa8%22:%91%22number_text_color%22%93}&#8221;][\/et_pb_number_counter][\/et_pb_column][et_pb_column type=&#8221;1_3&#8243; _builder_version=&#8221;4.24.0&#8243; _module_preset=&#8221;default&#8221; global_colors_info=&#8221;{}&#8221;][et_pb_number_counter title=&#8221;p\u00e4\u00e4ss\u00e4 onnesta&#8221; number=&#8221;0 km&#8221; percent_sign=&#8221;off&#8221; _builder_version=&#8221;4.24.0&#8243; _module_preset=&#8221;default&#8221; title_line_height=&#8221;0em&#8221; number_text_color=&#8221;gcid-c9392124-ef5a-4b90-ab1d-13b60dae0fa8&#8243; number_font_size=&#8221;60px&#8221; global_colors_info=&#8221;{%22gcid-c9392124-ef5a-4b90-ab1d-13b60dae0fa8%22:%91%22number_text_color%22%93}&#8221;][\/et_pb_number_counter][\/et_pb_column][\/et_pb_row][\/et_pb_section]<\/p>","protected":false},"excerpt":{"rendered":"<p>Saariston pieni boutiquehotelliSaariston pieni boutiquehotelliVillassa tapahtuuUllman&#8217;s Villa on uniikki milj\u00f6\u00f6 Kemi\u00f6nsaarella. Se sijaitsee Taalintehtaalla, erityisen kauniin puiston ymp\u00e4r\u00f6im\u00e4ll\u00e4 kukkulalla meren rannalla. Kukkulalle noustaan saarnien ja lehmusten reunustamaa kaunista tiet\u00e4 pitkin. Tie p\u00e4\u00e4ttyy hyvinhoidettun ja satumaisen kauniin puiston reunaan rakennuksen vierell\u00e4. Rakennus itsess\u00e4\u00e4n huokuu arvokkuutta, joka jatkuu rakennuksen sis\u00e4tiloissa. Linnamainen rakennus, joka on uinunut yksityisess\u00e4 omistuksessa [&hellip;]<\/p>","protected":false},"author":1,"featured_media":0,"parent":0,"menu_order":0,"comment_status":"closed","ping_status":"closed","template":"","meta":{"_et_pb_use_builder":"on","_et_pb_old_content":"","_et_gb_content_width":"","footnotes":""},"class_list":["post-7990","page","type-page","status-publish","hentry"],"_links":{"self":[{"href":"https:\/\/ullmansvilla.fi\/sv\/wp-json\/wp\/v2\/pages\/7990","targetHints":{"allow":["GET"]}}],"collection":[{"href":"https:\/\/ullmansvilla.fi\/sv\/wp-json\/wp\/v2\/pages"}],"about":[{"href":"https:\/\/ullmansvilla.fi\/sv\/wp-json\/wp\/v2\/types\/page"}],"author":[{"embeddable":true,"href":"https:\/\/ullmansvilla.fi\/sv\/wp-json\/wp\/v2\/users\/1"}],"replies":[{"embeddable":true,"href":"https:\/\/ullmansvilla.fi\/sv\/wp-json\/wp\/v2\/comments?post=7990"}],"version-history":[{"count":35,"href":"https:\/\/ullmansvilla.fi\/sv\/wp-json\/wp\/v2\/pages\/7990\/revisions"}],"predecessor-version":[{"id":8380,"href":"https:\/\/ullmansvilla.fi\/sv\/wp-json\/wp\/v2\/pages\/7990\/revisions\/8380"}],"wp:attachment":[{"href":"https:\/\/ullmansvilla.fi\/sv\/wp-json\/wp\/v2\/media?parent=7990"}],"curies":[{"name":"wp","href":"https:\/\/api.w.org\/{rel}","templated":true}]}}